{"id":1075,"date":"2022-10-16T13:56:38","date_gmt":"2022-10-16T17:56:38","guid":{"rendered":"https:\/\/irwpr.com\/?page_id=1075"},"modified":"2022-11-01T12:49:32","modified_gmt":"2022-11-01T16:49:32","slug":"sistema-pvc","status":"publish","type":"page","link":"https:\/\/irwpr.com\/en\/services\/roofing-systems\/pvc-system\/","title":{"rendered":"PVC System"},"content":{"rendered":"<div data-elementor-type=\"wp-page\" data-elementor-id=\"1075\" class=\"elementor elementor-1075\" data-elementor-post-type=\"page\">\n\t\t\t\t\t\t<section class=\"elementor-section elementor-top-section elementor-element elementor-element-828de6c elementor-section-boxed elementor-section-height-default elementor-section-height-default\" data-id=\"828de6c\" data-element_type=\"section\" data-e-type=\"section\" data-settings=\"{&quot;background_background&quot;:&quot;classic&quot;}\">\n\t\t\t\t\t\t<div class=\"elementor-container elementor-column-gap-default\">\n\t\t\t\t\t<div class=\"elementor-column elementor-col-100 elementor-top-column elementor-element elementor-element-df423c9\" data-id=\"df423c9\" data-element_type=\"column\" data-e-type=\"column\">\n\t\t\t<div class=\"elementor-widget-wrap elementor-element-populated\">\n\t\t\t\t\t\t\t<\/div>\n\t\t<\/div>\n\t\t\t\t\t<\/div>\n\t\t<\/section>\n\t\t\t\t<section class=\"elementor-section elementor-top-section elementor-element elementor-element-57170a3 elementor-section-boxed elementor-section-height-default elementor-section-height-default\" data-id=\"57170a3\" data-element_type=\"section\" data-e-type=\"section\">\n\t\t\t\t\t\t<div class=\"elementor-container elementor-column-gap-default\">\n\t\t\t\t\t<div class=\"elementor-column elementor-col-50 elementor-top-column elementor-element elementor-element-a973465\" data-id=\"a973465\" data-element_type=\"column\" data-e-type=\"column\">\n\t\t\t<div class=\"elementor-widget-wrap elementor-element-populated\">\n\t\t\t\t\t\t<div class=\"elementor-element elementor-element-b069d09 elementor-widget__width-auto elementor-widget-divider--view-line elementor-widget elementor-widget-divider\" data-id=\"b069d09\" data-element_type=\"widget\" data-e-type=\"widget\" data-widget_type=\"divider.default\">\n\t\t\t\t<div class=\"elementor-widget-container\">\n\t\t\t\t\t\t\t<div class=\"elementor-divider\">\n\t\t\t<span class=\"elementor-divider-separator\">\n\t\t\t\t\t\t<\/span>\n\t\t<\/div>\n\t\t\t\t\t\t<\/div>\n\t\t\t\t<\/div>\n\t\t\t\t<div class=\"elementor-element elementor-element-6026217 elementor-widget elementor-widget-heading\" data-id=\"6026217\" data-element_type=\"widget\" data-e-type=\"widget\" data-widget_type=\"heading.default\">\n\t\t\t\t<div class=\"elementor-widget-container\">\n\t\t\t\t\t<h3 class=\"elementor-heading-title elementor-size-default\">Thermoplastic Membrane<\/h3>\t\t\t\t<\/div>\n\t\t\t\t<\/div>\n\t\t\t\t<div class=\"elementor-element elementor-element-fb8f888 elementor-widget elementor-widget-text-editor\" data-id=\"fb8f888\" data-element_type=\"widget\" data-e-type=\"widget\" data-widget_type=\"text-editor.default\">\n\t\t\t\t<div class=\"elementor-widget-container\">\n\t\t\t\t\t\t\t\t\t<p>thermoplastic polyvinyl chloride (PVC)<\/p>\t\t\t\t\t\t\t\t<\/div>\n\t\t\t\t<\/div>\n\t\t\t\t<div class=\"elementor-element elementor-element-c6fd1a5 elementor-widget elementor-widget-text-editor\" data-id=\"c6fd1a5\" data-element_type=\"widget\" data-e-type=\"widget\" data-widget_type=\"text-editor.default\">\n\t\t\t\t<div class=\"elementor-widget-container\">\n\t\t\t\t\t\t\t\t\tThermoplastic Polyvinyl Chloride (PVC) is a roofing membrane with incredible benefits. Customers who have installed it invariably find it to be a cost-effective long-term solution. From an environmental perspective, it\u2019s hard to beat a living green roof solution. With its Energy Star rating and highly reflective and recyclable single-layer material, PVC is the obvious choice for green roofing systems. Plus, with great roof rebates and a LEED credit rating, the benefits keep adding up. From a durability perspective, oil, grease, and chemicals dislike PVC\u2019s highly resistant surface, and it is incredibly easy to repair and maintain.\t\t\t\t\t\t\t\t<\/div>\n\t\t\t\t<\/div>\n\t\t\t\t\t<\/div>\n\t\t<\/div>\n\t\t\t\t<div class=\"elementor-column elementor-col-50 elementor-top-column elementor-element elementor-element-1cf31b2\" data-id=\"1cf31b2\" data-element_type=\"column\" data-e-type=\"column\">\n\t\t\t<div class=\"elementor-widget-wrap elementor-element-populated\">\n\t\t\t\t\t\t<div class=\"elementor-element elementor-element-ab1c328 elementor-widget elementor-widget-image\" data-id=\"ab1c328\" data-element_type=\"widget\" data-e-type=\"widget\" data-widget_type=\"image.default\">\n\t\t\t\t<div class=\"elementor-widget-container\">\n\t\t\t\t\t\t\t\t\t\t\t\t\t\t\t<img fetchpriority=\"high\" decoding=\"async\" width=\"700\" height=\"700\" src=\"https:\/\/irwpr.com\/wp-content\/uploads\/2022\/10\/pvc.jpg\" class=\"attachment-full size-full wp-image-787\" alt=\"\" srcset=\"https:\/\/irwpr.com\/wp-content\/uploads\/2022\/10\/pvc.jpg 700w, https:\/\/irwpr.com\/wp-content\/uploads\/2022\/10\/pvc-300x300.jpg 300w, https:\/\/irwpr.com\/wp-content\/uploads\/2022\/10\/pvc-150x150.jpg 150w\" sizes=\"(max-width: 700px) 100vw, 700px\" \/>\t\t\t\t\t\t\t\t\t\t\t\t\t\t\t<\/div>\n\t\t\t\t<\/div>\n\t\t\t\t\t<\/div>\n\t\t<\/div>\n\t\t\t\t\t<\/div>\n\t\t<\/section>\n\t\t\t\t<section class=\"elementor-section elementor-top-section elementor-element elementor-element-5df315b elementor-reverse-tablet elementor-reverse-mobile elementor-section-boxed elementor-section-height-default elementor-section-height-default\" data-id=\"5df315b\" data-element_type=\"section\" data-e-type=\"section\" data-settings=\"{&quot;background_background&quot;:&quot;classic&quot;}\">\n\t\t\t\t\t\t\t<div class=\"elementor-background-overlay\"><\/div>\n\t\t\t\t\t\t\t<div class=\"elementor-container elementor-column-gap-default\">\n\t\t\t\t\t<div class=\"elementor-column elementor-col-50 elementor-top-column elementor-element elementor-element-dcb7cf4\" data-id=\"dcb7cf4\" data-element_type=\"column\" data-e-type=\"column\">\n\t\t\t<div class=\"elementor-widget-wrap elementor-element-populated\">\n\t\t\t\t\t\t<div class=\"elementor-element elementor-element-52bfae5 elementor-widget elementor-widget-image\" data-id=\"52bfae5\" data-element_type=\"widget\" data-e-type=\"widget\" data-widget_type=\"image.default\">\n\t\t\t\t<div class=\"elementor-widget-container\">\n\t\t\t\t\t\t\t\t\t\t\t\t\t\t\t<img decoding=\"async\" width=\"700\" height=\"700\" src=\"https:\/\/irwpr.com\/wp-content\/uploads\/2022\/11\/pvc_roofing.jpg\" class=\"attachment-full size-full wp-image-3003\" alt=\"\" srcset=\"https:\/\/irwpr.com\/wp-content\/uploads\/2022\/11\/pvc_roofing.jpg 700w, https:\/\/irwpr.com\/wp-content\/uploads\/2022\/11\/pvc_roofing-300x300.jpg 300w, https:\/\/irwpr.com\/wp-content\/uploads\/2022\/11\/pvc_roofing-150x150.jpg 150w\" sizes=\"(max-width: 700px) 100vw, 700px\" \/>\t\t\t\t\t\t\t\t\t\t\t\t\t\t\t<\/div>\n\t\t\t\t<\/div>\n\t\t\t\t\t<\/div>\n\t\t<\/div>\n\t\t\t\t<div class=\"elementor-column elementor-col-50 elementor-top-column elementor-element elementor-element-b7bfff2\" data-id=\"b7bfff2\" data-element_type=\"column\" data-e-type=\"column\">\n\t\t\t<div class=\"elementor-widget-wrap elementor-element-populated\">\n\t\t\t\t\t\t<div class=\"elementor-element elementor-element-e582601 elementor-widget__width-auto elementor-widget-divider--view-line elementor-widget elementor-widget-divider\" data-id=\"e582601\" data-element_type=\"widget\" data-e-type=\"widget\" data-widget_type=\"divider.default\">\n\t\t\t\t<div class=\"elementor-widget-container\">\n\t\t\t\t\t\t\t<div class=\"elementor-divider\">\n\t\t\t<span class=\"elementor-divider-separator\">\n\t\t\t\t\t\t<\/span>\n\t\t<\/div>\n\t\t\t\t\t\t<\/div>\n\t\t\t\t<\/div>\n\t\t\t\t<div class=\"elementor-element elementor-element-67a3338 elementor-widget elementor-widget-heading\" data-id=\"67a3338\" data-element_type=\"widget\" data-e-type=\"widget\" data-widget_type=\"heading.default\">\n\t\t\t\t<div class=\"elementor-widget-container\">\n\t\t\t\t\t<h3 class=\"elementor-heading-title elementor-size-default\">solid option<\/h3>\t\t\t\t<\/div>\n\t\t\t\t<\/div>\n\t\t\t\t<div class=\"elementor-element elementor-element-093ac55 elementor-widget elementor-widget-text-editor\" data-id=\"093ac55\" data-element_type=\"widget\" data-e-type=\"widget\" data-widget_type=\"text-editor.default\">\n\t\t\t\t<div class=\"elementor-widget-container\">\n\t\t\t\t\t\t\t\t\t<p>energy savings in warmer climates<\/p>\t\t\t\t\t\t\t\t<\/div>\n\t\t\t\t<\/div>\n\t\t\t\t<div class=\"elementor-element elementor-element-306fbeb elementor-widget elementor-widget-text-editor\" data-id=\"306fbeb\" data-element_type=\"widget\" data-e-type=\"widget\" data-widget_type=\"text-editor.default\">\n\t\t\t\t<div class=\"elementor-widget-container\">\n\t\t\t\t\t\t\t\t\t<p>PVC is a solid choice for restaurants, airports, and commercial facilities with grease, oil, and chemical problems, and environments that experience dilute acid effluents. Reflective white PVC ceiling panels have a surface that provides a cooling effect that homeowners want to provide energy savings in warmer climates. It has been proven in the industry for over 20 years and now meets the most stringent codes in a wide variety of climates. <span style=\"color: var( --e-global-color-c7ca547 );\">En pocas palabras, el PVC est\u00e1 dise\u00f1ado para resistir el paso del tiempo. Duradero, pero flexible, el PVC es una soluci\u00f3n ideal para techos a largo plazo, disponible con forro polar y en distintos espesores. Cuanto m\u00e1s gruesa es la membrana, mayor es su resistencia a la rotura, filtraciones, la absorci\u00f3n de agua y la intemperie. Fabricado con est\u00e1ndares estrictos, la membrana de PVC viene con agentes adhesivos plastificantes, refuerzo de poli\u00e9ster y protectores UV.<\/span><\/p>\t\t\t\t\t\t\t\t<\/div>\n\t\t\t\t<\/div>\n\t\t\t\t\t<\/div>\n\t\t<\/div>\n\t\t\t\t\t<\/div>\n\t\t<\/section>\n\t\t\t\t<section class=\"elementor-section elementor-top-section elementor-element elementor-element-613258a elementor-section-boxed elementor-section-height-default elementor-section-height-default\" data-id=\"613258a\" data-element_type=\"section\" data-e-type=\"section\">\n\t\t\t\t\t\t<div class=\"elementor-container elementor-column-gap-default\">\n\t\t\t\t\t<div class=\"elementor-column elementor-col-50 elementor-top-column elementor-element elementor-element-0a2a700\" data-id=\"0a2a700\" data-element_type=\"column\" data-e-type=\"column\">\n\t\t\t<div class=\"elementor-widget-wrap elementor-element-populated\">\n\t\t\t\t\t\t<div class=\"elementor-element elementor-element-bc91bba elementor-widget__width-auto elementor-widget-divider--view-line elementor-widget elementor-widget-divider\" data-id=\"bc91bba\" data-element_type=\"widget\" data-e-type=\"widget\" data-widget_type=\"divider.default\">\n\t\t\t\t<div class=\"elementor-widget-container\">\n\t\t\t\t\t\t\t<div class=\"elementor-divider\">\n\t\t\t<span class=\"elementor-divider-separator\">\n\t\t\t\t\t\t<\/span>\n\t\t<\/div>\n\t\t\t\t\t\t<\/div>\n\t\t\t\t<\/div>\n\t\t\t\t<div class=\"elementor-element elementor-element-3b1b06a elementor-widget elementor-widget-heading\" data-id=\"3b1b06a\" data-element_type=\"widget\" data-e-type=\"widget\" data-widget_type=\"heading.default\">\n\t\t\t\t<div class=\"elementor-widget-container\">\n\t\t\t\t\t<h3 class=\"elementor-heading-title elementor-size-default\">resistant<\/h3>\t\t\t\t<\/div>\n\t\t\t\t<\/div>\n\t\t\t\t<div class=\"elementor-element elementor-element-9825440 elementor-widget elementor-widget-text-editor\" data-id=\"9825440\" data-element_type=\"widget\" data-e-type=\"widget\" data-widget_type=\"text-editor.default\">\n\t\t\t\t<div class=\"elementor-widget-container\">\n\t\t\t\t\t\t\t\t\t<p>retains a high reflectivity value over time<\/p>\t\t\t\t\t\t\t\t<\/div>\n\t\t\t\t<\/div>\n\t\t\t\t<div class=\"elementor-element elementor-element-9e07107 elementor-widget elementor-widget-text-editor\" data-id=\"9e07107\" data-element_type=\"widget\" data-e-type=\"widget\" data-widget_type=\"text-editor.default\">\n\t\t\t\t<div class=\"elementor-widget-container\">\n\t\t\t\t\t\t\t\t\t<p><span style=\"color: var( --e-global-color-c7ca547 );\">Thermoplastic polyvinyl chloride membrane has a very economical commercial cost compared to other roofing membranes. As mentioned, PVC retains a high reflectivity value over time, offering continuous energy efficiency and optimal solar reflectance index (SRI). Roofs that are frequently exposed to grease or chemicals, such as restaurants and food processing facilities, benefit from the protection provided by a PVC roofing system. Puncture resistance and strong seam bond provide excellent waterproofing protection.<\/span><\/p>\t\t\t\t\t\t\t\t<\/div>\n\t\t\t\t<\/div>\n\t\t\t\t\t<\/div>\n\t\t<\/div>\n\t\t\t\t<div class=\"elementor-column elementor-col-50 elementor-top-column elementor-element elementor-element-0a72a51\" data-id=\"0a72a51\" data-element_type=\"column\" data-e-type=\"column\">\n\t\t\t<div class=\"elementor-widget-wrap elementor-element-populated\">\n\t\t\t\t\t\t<div class=\"elementor-element elementor-element-625fefb elementor-widget elementor-widget-image\" data-id=\"625fefb\" data-element_type=\"widget\" data-e-type=\"widget\" data-widget_type=\"image.default\">\n\t\t\t\t<div class=\"elementor-widget-container\">\n\t\t\t\t\t\t\t\t\t\t\t\t\t\t\t<img decoding=\"async\" width=\"700\" height=\"700\" src=\"https:\/\/irwpr.com\/wp-content\/uploads\/2022\/10\/tposq.jpg\" class=\"attachment-full size-full wp-image-786\" alt=\"\" srcset=\"https:\/\/irwpr.com\/wp-content\/uploads\/2022\/10\/tposq.jpg 700w, https:\/\/irwpr.com\/wp-content\/uploads\/2022\/10\/tposq-300x300.jpg 300w, https:\/\/irwpr.com\/wp-content\/uploads\/2022\/10\/tposq-150x150.jpg 150w\" sizes=\"(max-width: 700px) 100vw, 700px\" \/>\t\t\t\t\t\t\t\t\t\t\t\t\t\t\t<\/div>\n\t\t\t\t<\/div>\n\t\t\t\t\t<\/div>\n\t\t<\/div>\n\t\t\t\t\t<\/div>\n\t\t<\/section>\n\t\t\t\t<section class=\"elementor-section elementor-top-section elementor-element elementor-element-964a936 elementor-section-boxed elementor-section-height-default elementor-section-height-default\" data-id=\"964a936\" data-element_type=\"section\" data-e-type=\"section\">\n\t\t\t\t\t\t\t<div class=\"elementor-background-overlay\"><\/div>\n\t\t\t\t\t\t\t<div class=\"elementor-container elementor-column-gap-default\">\n\t\t\t\t\t<div class=\"elementor-column elementor-col-100 elementor-top-column elementor-element elementor-element-656d555\" data-id=\"656d555\" data-element_type=\"column\" data-e-type=\"column\">\n\t\t\t<div class=\"elementor-widget-wrap elementor-element-populated\">\n\t\t\t\t\t\t<div class=\"elementor-element elementor-element-c82c367 elementor-widget__width-auto elementor-widget-divider--view-line elementor-widget elementor-widget-divider\" data-id=\"c82c367\" data-element_type=\"widget\" data-e-type=\"widget\" data-widget_type=\"divider.default\">\n\t\t\t\t<div class=\"elementor-widget-container\">\n\t\t\t\t\t\t\t<div class=\"elementor-divider\">\n\t\t\t<span class=\"elementor-divider-separator\">\n\t\t\t\t\t\t<\/span>\n\t\t<\/div>\n\t\t\t\t\t\t<\/div>\n\t\t\t\t<\/div>\n\t\t\t\t<div class=\"elementor-element elementor-element-fc7f56a elementor-widget elementor-widget-heading\" data-id=\"fc7f56a\" data-element_type=\"widget\" data-e-type=\"widget\" data-widget_type=\"heading.default\">\n\t\t\t\t<div class=\"elementor-widget-container\">\n\t\t\t\t\t<h3 class=\"elementor-heading-title elementor-size-default\">We are ready to help you, contact us now.<\/h3>\t\t\t\t<\/div>\n\t\t\t\t<\/div>\n\t\t\t\t<div class=\"elementor-element elementor-element-08ae4a7 elementor-widget elementor-widget-text-editor\" data-id=\"08ae4a7\" data-element_type=\"widget\" data-e-type=\"widget\" data-widget_type=\"text-editor.default\">\n\t\t\t\t<div class=\"elementor-widget-container\">\n\t\t\t\t\t\t\t\t\t<p>Our goal is to provide you with the quality and efficient care that your project deserves.\u00a0<\/p>\t\t\t\t\t\t\t\t<\/div>\n\t\t\t\t<\/div>\n\t\t\t\t<div class=\"elementor-element elementor-element-fd82901 elementor-align-center elementor-mobile-align-left elementor-widget elementor-widget-button\" data-id=\"fd82901\" data-element_type=\"widget\" data-e-type=\"widget\" data-widget_type=\"button.default\">\n\t\t\t\t<div class=\"elementor-widget-container\">\n\t\t\t\t\t\t\t\t\t<div class=\"elementor-button-wrapper\">\n\t\t\t\t\t<a class=\"elementor-button elementor-button-link elementor-size-md\" href=\"https:\/\/irwpr.com\/en\/contact-us\/\">\n\t\t\t\t\t\t<span class=\"elementor-button-content-wrapper\">\n\t\t\t\t\t\t<span class=\"elementor-button-icon\">\n\t\t\t\t<i aria-hidden=\"true\" class=\"fas fa-long-arrow-alt-right\"><\/i>\t\t\t<\/span>\n\t\t\t\t\t\t\t\t\t<span class=\"elementor-button-text\">Contact Us<\/span>\n\t\t\t\t\t<\/span>\n\t\t\t\t\t<\/a>\n\t\t\t\t<\/div>\n\t\t\t\t\t\t\t\t<\/div>\n\t\t\t\t<\/div>\n\t\t\t\t\t<\/div>\n\t\t<\/div>\n\t\t\t\t\t<\/div>\n\t\t<\/section>\n\t\t\t\t<\/div>","protected":false},"excerpt":{"rendered":"<p>Membrana Termopl\u00e1stica cloruro de polivinilo termopl\u00e1stico (PVC) El cloruro de polivinilo termopl\u00e1stico (PVC) es una membrana para techos con beneficios incre\u00edbles. Los clientes que lo han instalado descubren invariablemente que es una soluci\u00f3n rentable a largo plazo. Desde una perspectiva ambiental, es dif\u00edcil superar una soluci\u00f3n de techo verde viva. Con su clasificaci\u00f3n Energy Star [&hellip;]<\/p>\n","protected":false},"author":1,"featured_media":0,"parent":738,"menu_order":0,"comment_status":"closed","ping_status":"closed","template":"elementor_header_footer","meta":{"footnotes":""},"class_list":["post-1075","page","type-page","status-publish","hentry"],"_links":{"self":[{"href":"https:\/\/irwpr.com\/en\/wp-json\/wp\/v2\/pages\/1075","targetHints":{"allow":["GET"]}}],"collection":[{"href":"https:\/\/irwpr.com\/en\/wp-json\/wp\/v2\/pages"}],"about":[{"href":"https:\/\/irwpr.com\/en\/wp-json\/wp\/v2\/types\/page"}],"author":[{"embeddable":true,"href":"https:\/\/irwpr.com\/en\/wp-json\/wp\/v2\/users\/1"}],"replies":[{"embeddable":true,"href":"https:\/\/irwpr.com\/en\/wp-json\/wp\/v2\/comments?post=1075"}],"version-history":[{"count":5,"href":"https:\/\/irwpr.com\/en\/wp-json\/wp\/v2\/pages\/1075\/revisions"}],"predecessor-version":[{"id":3010,"href":"https:\/\/irwpr.com\/en\/wp-json\/wp\/v2\/pages\/1075\/revisions\/3010"}],"up":[{"embeddable":true,"href":"https:\/\/irwpr.com\/en\/wp-json\/wp\/v2\/pages\/738"}],"wp:attachment":[{"href":"https:\/\/irwpr.com\/en\/wp-json\/wp\/v2\/media?parent=1075"}],"curies":[{"name":"wp","href":"https:\/\/api.w.org\/{rel}","templated":true}]}}