{"id":3137,"date":"2022-11-01T17:11:47","date_gmt":"2022-11-01T21:11:47","guid":{"rendered":"https:\/\/irwpr.com\/?page_id=3137"},"modified":"2022-11-03T16:36:50","modified_gmt":"2022-11-03T20:36:50","slug":"standing-seam","status":"publish","type":"page","link":"https:\/\/irwpr.com\/en\/services\/specialized-services\/standing-seam\/","title":{"rendered":"Metal Roof Standing Seam"},"content":{"rendered":"<div data-elementor-type=\"wp-page\" data-elementor-id=\"3137\" class=\"elementor elementor-3137\" data-elementor-post-type=\"page\">\n\t\t\t\t\t\t<section class=\"elementor-section elementor-top-section elementor-element elementor-element-e3c5d02 elementor-section-boxed elementor-section-height-default elementor-section-height-default\" data-id=\"e3c5d02\" data-element_type=\"section\" data-e-type=\"section\" data-settings=\"{&quot;background_background&quot;:&quot;classic&quot;}\">\n\t\t\t\t\t\t<div class=\"elementor-container elementor-column-gap-default\">\n\t\t\t\t\t<div class=\"elementor-column elementor-col-100 elementor-top-column elementor-element elementor-element-c96c7f3\" data-id=\"c96c7f3\" data-element_type=\"column\" data-e-type=\"column\">\n\t\t\t<div class=\"elementor-widget-wrap elementor-element-populated\">\n\t\t\t\t\t\t\t<\/div>\n\t\t<\/div>\n\t\t\t\t\t<\/div>\n\t\t<\/section>\n\t\t\t\t<section class=\"elementor-section elementor-top-section elementor-element elementor-element-57170a3 elementor-section-boxed elementor-section-height-default elementor-section-height-default\" data-id=\"57170a3\" data-element_type=\"section\" data-e-type=\"section\">\n\t\t\t\t\t\t<div class=\"elementor-container elementor-column-gap-default\">\n\t\t\t\t\t<div class=\"elementor-column elementor-col-50 elementor-top-column elementor-element elementor-element-a973465\" data-id=\"a973465\" data-element_type=\"column\" data-e-type=\"column\">\n\t\t\t<div class=\"elementor-widget-wrap elementor-element-populated\">\n\t\t\t\t\t\t<div class=\"elementor-element elementor-element-b069d09 elementor-widget__width-auto elementor-widget-divider--view-line elementor-widget elementor-widget-divider\" data-id=\"b069d09\" data-element_type=\"widget\" data-e-type=\"widget\" data-widget_type=\"divider.default\">\n\t\t\t\t<div class=\"elementor-widget-container\">\n\t\t\t\t\t\t\t<div class=\"elementor-divider\">\n\t\t\t<span class=\"elementor-divider-separator\">\n\t\t\t\t\t\t<\/span>\n\t\t<\/div>\n\t\t\t\t\t\t<\/div>\n\t\t\t\t<\/div>\n\t\t\t\t<div class=\"elementor-element elementor-element-6026217 elementor-widget elementor-widget-heading\" data-id=\"6026217\" data-element_type=\"widget\" data-e-type=\"widget\" data-widget_type=\"heading.default\">\n\t\t\t\t<div class=\"elementor-widget-container\">\n\t\t\t\t\t<h3 class=\"elementor-heading-title elementor-size-default\">distinct and attractive appearance<\/h3>\t\t\t\t<\/div>\n\t\t\t\t<\/div>\n\t\t\t\t<div class=\"elementor-element elementor-element-fb8f888 elementor-widget elementor-widget-text-editor\" data-id=\"fb8f888\" data-element_type=\"widget\" data-e-type=\"widget\" data-widget_type=\"text-editor.default\">\n\t\t\t\t<div class=\"elementor-widget-container\">\n\t\t\t\t\t\t\t\t\t<p>attached with hidden fasteners<\/p>\t\t\t\t\t\t\t\t<\/div>\n\t\t\t\t<\/div>\n\t\t\t\t<div class=\"elementor-element elementor-element-c6fd1a5 elementor-widget elementor-widget-text-editor\" data-id=\"c6fd1a5\" data-element_type=\"widget\" data-e-type=\"widget\" data-widget_type=\"text-editor.default\">\n\t\t\t\t<div class=\"elementor-widget-container\">\n\t\t\t\t\t\t\t\t\t<p>Standing seam metal roof panels became very popular because they are joined with hidden fasteners where the joint between one metal panel and the other is not visible, so they look much nicer than regular metal panels. The Standing Seam system is used for a wide range of applications and projects. These systems feature interlocking seams that connect the panels, giving the roof a distinct and attractive appearance. In addition, the vertical seam systems are manufactured from high-end steel or aluminum that offer years of service life with little or no maintenance. International Roofing is certified as an installer of Standing Seam Metal Roofing by McElroy Metal Manufacturing Company, the largest metal roofing manufacturer in the United States.<\/p>\t\t\t\t\t\t\t\t<\/div>\n\t\t\t\t<\/div>\n\t\t\t\t\t<\/div>\n\t\t<\/div>\n\t\t\t\t<div class=\"elementor-column elementor-col-50 elementor-top-column elementor-element elementor-element-1cf31b2\" data-id=\"1cf31b2\" data-element_type=\"column\" data-e-type=\"column\">\n\t\t\t<div class=\"elementor-widget-wrap elementor-element-populated\">\n\t\t\t\t\t\t<div class=\"elementor-element elementor-element-ab1c328 elementor-widget elementor-widget-image\" data-id=\"ab1c328\" data-element_type=\"widget\" data-e-type=\"widget\" data-widget_type=\"image.default\">\n\t\t\t\t<div class=\"elementor-widget-container\">\n\t\t\t\t\t\t\t\t\t\t\t\t\t\t\t<img fetchpriority=\"high\" decoding=\"async\" width=\"750\" height=\"540\" src=\"https:\/\/irwpr.com\/wp-content\/uploads\/2022\/11\/standing-seam_step.jpg\" class=\"attachment-full size-full wp-image-3178\" alt=\"\" srcset=\"https:\/\/irwpr.com\/wp-content\/uploads\/2022\/11\/standing-seam_step.jpg 750w, https:\/\/irwpr.com\/wp-content\/uploads\/2022\/11\/standing-seam_step-300x216.jpg 300w\" sizes=\"(max-width: 750px) 100vw, 750px\" \/>\t\t\t\t\t\t\t\t\t\t\t\t\t\t\t<\/div>\n\t\t\t\t<\/div>\n\t\t\t\t\t<\/div>\n\t\t<\/div>\n\t\t\t\t\t<\/div>\n\t\t<\/section>\n\t\t\t\t<section class=\"elementor-section elementor-top-section elementor-element elementor-element-964a936 elementor-section-boxed elementor-section-height-default elementor-section-height-default\" data-id=\"964a936\" data-element_type=\"section\" data-e-type=\"section\">\n\t\t\t\t\t\t\t<div class=\"elementor-background-overlay\"><\/div>\n\t\t\t\t\t\t\t<div class=\"elementor-container elementor-column-gap-default\">\n\t\t\t\t\t<div class=\"elementor-column elementor-col-100 elementor-top-column elementor-element elementor-element-656d555\" data-id=\"656d555\" data-element_type=\"column\" data-e-type=\"column\">\n\t\t\t<div class=\"elementor-widget-wrap elementor-element-populated\">\n\t\t\t\t\t\t<div class=\"elementor-element elementor-element-c82c367 elementor-widget__width-auto elementor-widget-divider--view-line elementor-widget elementor-widget-divider\" data-id=\"c82c367\" data-element_type=\"widget\" data-e-type=\"widget\" data-widget_type=\"divider.default\">\n\t\t\t\t<div class=\"elementor-widget-container\">\n\t\t\t\t\t\t\t<div class=\"elementor-divider\">\n\t\t\t<span class=\"elementor-divider-separator\">\n\t\t\t\t\t\t<\/span>\n\t\t<\/div>\n\t\t\t\t\t\t<\/div>\n\t\t\t\t<\/div>\n\t\t\t\t<div class=\"elementor-element elementor-element-fc7f56a elementor-widget elementor-widget-heading\" data-id=\"fc7f56a\" data-element_type=\"widget\" data-e-type=\"widget\" data-widget_type=\"heading.default\">\n\t\t\t\t<div class=\"elementor-widget-container\">\n\t\t\t\t\t<h3 class=\"elementor-heading-title elementor-size-default\">We are ready to help you, contact us now.<\/h3>\t\t\t\t<\/div>\n\t\t\t\t<\/div>\n\t\t\t\t<div class=\"elementor-element elementor-element-08ae4a7 elementor-widget elementor-widget-text-editor\" data-id=\"08ae4a7\" data-element_type=\"widget\" data-e-type=\"widget\" data-widget_type=\"text-editor.default\">\n\t\t\t\t<div class=\"elementor-widget-container\">\n\t\t\t\t\t\t\t\t\t<p>Our goal is to provide you with the quality and efficient care that your project deserves.\u00a0<\/p>\t\t\t\t\t\t\t\t<\/div>\n\t\t\t\t<\/div>\n\t\t\t\t<div class=\"elementor-element elementor-element-fd82901 elementor-align-center elementor-mobile-align-left elementor-widget elementor-widget-button\" data-id=\"fd82901\" data-element_type=\"widget\" data-e-type=\"widget\" data-widget_type=\"button.default\">\n\t\t\t\t<div class=\"elementor-widget-container\">\n\t\t\t\t\t\t\t\t\t<div class=\"elementor-button-wrapper\">\n\t\t\t\t\t<a class=\"elementor-button elementor-button-link elementor-size-md\" href=\"https:\/\/irwpr.com\/en\/contact-us\/\">\n\t\t\t\t\t\t<span class=\"elementor-button-content-wrapper\">\n\t\t\t\t\t\t<span class=\"elementor-button-icon\">\n\t\t\t\t<i aria-hidden=\"true\" class=\"fas fa-long-arrow-alt-right\"><\/i>\t\t\t<\/span>\n\t\t\t\t\t\t\t\t\t<span class=\"elementor-button-text\">Contact Us<\/span>\n\t\t\t\t\t<\/span>\n\t\t\t\t\t<\/a>\n\t\t\t\t<\/div>\n\t\t\t\t\t\t\t\t<\/div>\n\t\t\t\t<\/div>\n\t\t\t\t\t<\/div>\n\t\t<\/div>\n\t\t\t\t\t<\/div>\n\t\t<\/section>\n\t\t\t\t<\/div>","protected":false},"excerpt":{"rendered":"<p>apariencia distinta y atractiva se unen con sujetadores ocultos Los paneles de techo de metal de costura vertical mejor conocidos en ingl\u00e9s como Standing Seam Metal Roof, adquiri\u00f3 mucha popularidad debido a que se unen con sujetadores ocultos donde no se ve la uni\u00f3n entre un panel de metal y el otro, por eso lucen [&hellip;]<\/p>\n","protected":false},"author":1,"featured_media":0,"parent":1367,"menu_order":0,"comment_status":"closed","ping_status":"closed","template":"elementor_header_footer","meta":{"footnotes":""},"class_list":["post-3137","page","type-page","status-publish","hentry"],"_links":{"self":[{"href":"https:\/\/irwpr.com\/en\/wp-json\/wp\/v2\/pages\/3137","targetHints":{"allow":["GET"]}}],"collection":[{"href":"https:\/\/irwpr.com\/en\/wp-json\/wp\/v2\/pages"}],"about":[{"href":"https:\/\/irwpr.com\/en\/wp-json\/wp\/v2\/types\/page"}],"author":[{"embeddable":true,"href":"https:\/\/irwpr.com\/en\/wp-json\/wp\/v2\/users\/1"}],"replies":[{"embeddable":true,"href":"https:\/\/irwpr.com\/en\/wp-json\/wp\/v2\/comments?post=3137"}],"version-history":[{"count":5,"href":"https:\/\/irwpr.com\/en\/wp-json\/wp\/v2\/pages\/3137\/revisions"}],"predecessor-version":[{"id":3181,"href":"https:\/\/irwpr.com\/en\/wp-json\/wp\/v2\/pages\/3137\/revisions\/3181"}],"up":[{"embeddable":true,"href":"https:\/\/irwpr.com\/en\/wp-json\/wp\/v2\/pages\/1367"}],"wp:attachment":[{"href":"https:\/\/irwpr.com\/en\/wp-json\/wp\/v2\/media?parent=3137"}],"curies":[{"name":"wp","href":"https:\/\/api.w.org\/{rel}","templated":true}]}}